{"id":27,"date":"2024-03-27T13:22:59","date_gmt":"2024-03-27T12:22:59","guid":{"rendered":"https:\/\/lateinformationfrankfurt.wordpress.com\/?page_id=27"},"modified":"2025-03-13T16:39:58","modified_gmt":"2025-03-13T16:39:58","slug":"ellen","status":"publish","type":"page","link":"https:\/\/formation.schwarz-silber.de\/?page_id=27","title":{"rendered":"Probetraining"},"content":{"rendered":"\n<div class=\"wp-block-group alignfull has-background\" style=\"background-color:#ddcae0;padding-top:var(--wp--preset--spacing--70);padding-right:var(--wp--preset--spacing--50);padding-bottom:var(--wp--preset--spacing--70);padding-left:var(--wp--preset--spacing--50)\"><div class=\"wp-block-group__inner-container is-layout-constrained wp-container-core-group-is-layout-06cea0f0 wp-block-group-is-layout-constrained\">\n<div class=\"wp-block-media-text alignwide is-stacked-on-mobile\" style=\"grid-template-columns:38% auto\"><figure class=\"wp-block-media-text__media\"><img loading=\"lazy\" decoding=\"async\" width=\"1333\" height=\"2000\" src=\"https:\/\/formation.schwarz-silber.de\/wp-content\/uploads\/2024\/03\/img_7943.jpg?w=682\" alt=\"\" class=\"wp-image-19 size-full\" srcset=\"https:\/\/formation.schwarz-silber.de\/wp-content\/uploads\/2024\/03\/img_7943.jpg 1333w, https:\/\/formation.schwarz-silber.de\/wp-content\/uploads\/2024\/03\/img_7943-200x300.jpg 200w, https:\/\/formation.schwarz-silber.de\/wp-content\/uploads\/2024\/03\/img_7943-682x1024.jpg 682w, https:\/\/formation.schwarz-silber.de\/wp-content\/uploads\/2024\/03\/img_7943-768x1152.jpg 768w, https:\/\/formation.schwarz-silber.de\/wp-content\/uploads\/2024\/03\/img_7943-1024x1536.jpg 1024w\" sizes=\"auto, (max-width: 1333px) 100vw, 1333px\" \/><\/figure><div class=\"wp-block-media-text__content\">\n<div class=\"wp-block-group\" style=\"padding-left:1vw\"><div class=\"wp-block-group__inner-container is-layout-flow wp-block-group-is-layout-flow\">\n<h2 class=\"wp-block-heading\" style=\"font-size:20px;line-height:1.2\">Probetraining Lateinformation Frankfurt <\/h2>\n\n\n\n<p>ab dem 27.04.2025<\/p>\n\n\n\n<p style=\"font-size:18px\"><strong>Herzlich Willkommen bei unserer Lateinformation in Frankfurt<\/strong><\/p>\n\n\n\n<p>Wir sind stets auf der Suche nach neuen, ambitionierten T\u00e4nzerinnen und T\u00e4nzern, die unsere Teams verst\u00e4rken und unterst\u00fctzen wollen. Mit unseren formationserfahrenen Trainern lernst Du die Grundlagen der Lateint\u00e4nze und kannst an Deiner Technik arbeiten.<br>Komm gerne zu einem unserer Schnuppertrainings vorbei und erlebe, wie es ist, Teil unseres Teams zu sein. Wir freuen uns auf Dich!<\/p>\n<\/div><\/div>\n<\/div><\/div>\n\n\n\n<div class=\"wp-block-buttons is-layout-flex wp-block-buttons-is-layout-flex\">\n<div class=\"wp-block-button has-custom-width wp-block-button__width-100 has-custom-font-size has-medium-font-size\"><a class=\"wp-block-button__link has-theme-palette-3-color has-theme-palette-8-background-color has-text-color has-background has-link-color wp-element-button\" href=\"https:\/\/formation.schwarz-silber.de\/?page_id=42\"><strong>Anmelden zum Probetraining <\/strong><\/a><\/div>\n<\/div>\n<\/div><\/div>\n\n\n\n<div class=\"wp-block-group alignwide\" style=\"margin-top:0;margin-bottom:0;padding-top:var(--wp--preset--spacing--70);padding-right:var(--wp--preset--spacing--40);padding-bottom:0;padding-left:var(--wp--preset--spacing--40)\"><div class=\"wp-block-group__inner-container is-layout-constrained wp-container-core-group-is-layout-f6f39303 wp-block-group-is-layout-constrained\">\n<h2 class=\"wp-block-heading has-text-align-center\" style=\"font-size:22px\">Werde Teil unserer Formation <\/h2>\n\n\n\n<p class=\"has-text-align-center has-text-color has-link-color wp-elements-7c8fcc64937602a7eafcbe6eac17d204\" style=\"color:#ddcae0;font-size:20px\"><em><strong>Wer:<\/strong><\/em><\/p>\n\n\n\n<p class=\"has-text-align-center\" style=\"font-size:18px\">Jeder ist bei uns Willkommen! Egal ob mit oder ohne Tanzerfahrung, kommt gerne vorbei<\/p>\n\n\n\n<p class=\"has-text-align-center has-text-color has-link-color wp-elements-33f28b9dc3afc1d6ae240813662ed7fe\" style=\"color:#ddcae0;font-size:20px\"><strong><em>Wo:<\/em><\/strong><\/p>\n\n\n\n<p class=\"has-text-align-center\" style=\"font-size:18px\">Saalbau BiKuZ H\u00f6chst <\/p>\n\n\n\n<p class=\"has-text-align-center\" style=\"font-size:18px\">Gebeschussstra\u00dfe 6-19<\/p>\n\n\n\n<p class=\"has-text-align-center\" style=\"font-size:18px\">65929 Frankfurt am Main<\/p>\n\n\n\n<p class=\"has-text-align-center has-text-color has-link-color wp-elements-cc4570f15cd4ab864ba775bf0594e66f\" style=\"color:#ddcae0;font-size:20px\"><em><strong>Wann:<\/strong><\/em><\/p>\n\n\n\n<p class=\"has-text-align-center\" style=\"font-size:18px\">27.04.25 10:00 -14:00 Uhr<\/p>\n\n\n\n<p class=\"has-text-align-center\" style=\"font-size:18px\">29.04.25 19:30 &#8211; 22:00 Uhr<\/p>\n\n\n\n<p class=\"has-text-align-center\" style=\"font-size:18px\">04.05.25 10:00 &#8211; 14:00 Uhr<\/p>\n\n\n\n<p class=\"has-text-align-center has-text-color has-link-color wp-elements-3c694e282a7d196c6882845397172e05\" style=\"color:#ddcae0;font-size:20px\"><em><strong>Das solltest du mitbringen: <\/strong><\/em><\/p>\n\n\n\n<p class=\"has-text-align-center\" style=\"padding-right:var(--wp--preset--spacing--50);padding-left:var(--wp--preset--spacing--50);font-size:18px\">\u2714 Tanzschuhe (falls vorhanden) <\/p>\n\n\n\n<p class=\"has-text-align-center\" style=\"padding-right:var(--wp--preset--spacing--50);padding-left:var(--wp--preset--spacing--50);font-size:18px\">\u2714 Sportsachen + Sportschuhe <\/p>\n\n\n\n<p class=\"has-text-align-center\" style=\"padding-right:var(--wp--preset--spacing--50);padding-left:var(--wp--preset--spacing--50);font-size:18px\">\u2714 etwas zu trinken<\/p>\n\n\n\n<p class=\"has-text-align-center has-text-color has-link-color wp-elements-75b9f7476ab9a2a73c06c19cb1ef4774\" style=\"color:#ddcae0;font-size:20px\"><em><strong>Du hast noch Fragen:<\/strong><\/em><\/p>\n\n\n\n<p class=\"has-text-align-center\" style=\"font-size:18px\">Schreibe uns gerne bei Instagram an oder melde dich per WhatsApp bei Dominik Nieblich: 0176-20565492<\/p>\n\n\n\n<p><\/p>\n\n\n\n<p><\/p>\n<\/div><\/div>\n\n\n\n<div class=\"wp-block-buttons is-layout-flex wp-block-buttons-is-layout-flex\">\n<div class=\"wp-block-button has-custom-font-size is-style-fill\" style=\"font-size:18px\"><a class=\"wp-block-button__link has-theme-palette-3-color has-text-color has-background has-link-color has-text-align-center wp-element-button\" href=\"https:\/\/formation.schwarz-silber.de\/?page_id=42\" style=\"border-style:none;border-width:0px;border-radius:6px;background-color:#ddcae0;padding-top:var(--wp--preset--spacing--20);padding-bottom:var(--wp--preset--spacing--20)\">Zum Probetraining anmelden<\/a><\/div>\n<\/div>\n\n\n\n<div class=\"wp-block-group alignfull has-primary-color has-text-color has-background has-link-color has-medium-font-size wp-elements-f16a3645421204aa3ee2877ec1e27666\" style=\"background-color:#ddcae0;padding-top:var(--wp--preset--spacing--70);padding-right:var(--wp--preset--spacing--50);padding-bottom:var(--wp--preset--spacing--70);padding-left:var(--wp--preset--spacing--50)\"><div class=\"wp-block-group__inner-container is-layout-constrained wp-container-core-group-is-layout-b05918e7 wp-block-group-is-layout-constrained\">\n<div class=\"wp-block-columns alignwide is-layout-flex wp-container-core-columns-is-layout-da255764 wp-block-columns-is-layout-flex\" style=\"padding-right:var(--wp--preset--spacing--40);padding-left:var(--wp--preset--spacing--40)\">\n<div class=\"wp-block-column is-layout-flow wp-block-column-is-layout-flow\" style=\"flex-basis:50%\">\n<p class=\"has-foreground-color has-text-color has-link-color has-small-font-size wp-elements-1d2651c4d00b039daaa2ea691bc89b40\" style=\"line-height:2.4\"><a href=\"#\">Kontakt<\/a><\/p>\n\n\n\n<ul class=\"wp-block-social-links has-icon-color has-icon-background-color items-justified-left is-style-default is-layout-flex wp-block-social-links-is-layout-flex\"><li style=\"color:#4a5759;background-color:#fbf7f7;\" class=\"wp-social-link wp-social-link-instagram  wp-block-social-link\"><a href=\"https:\/\/www.instagram.com\/lateinformation_frankfurt?igsh=d2ViN21qem1peXFx&#038;utm_source=qr\" class=\"wp-block-social-link-anchor\"><svg width=\"24\" height=\"24\" viewBox=\"0 0 24 24\" version=\"1.1\" xmlns=\"http:\/\/www.w3.org\/2000\/svg\" aria-hidden=\"true\" focusable=\"false\"><path d=\"M12,4.622c2.403,0,2.688,0.009,3.637,0.052c0.877,0.04,1.354,0.187,1.671,0.31c0.42,0.163,0.72,0.358,1.035,0.673 c0.315,0.315,0.51,0.615,0.673,1.035c0.123,0.317,0.27,0.794,0.31,1.671c0.043,0.949,0.052,1.234,0.052,3.637 s-0.009,2.688-0.052,3.637c-0.04,0.877-0.187,1.354-0.31,1.671c-0.163,0.42-0.358,0.72-0.673,1.035 c-0.315,0.315-0.615,0.51-1.035,0.673c-0.317,0.123-0.794,0.27-1.671,0.31c-0.949,0.043-1.233,0.052-3.637,0.052 s-2.688-0.009-3.637-0.052c-0.877-0.04-1.354-0.187-1.671-0.31c-0.42-0.163-0.72-0.358-1.035-0.673 c-0.315-0.315-0.51-0.615-0.673-1.035c-0.123-0.317-0.27-0.794-0.31-1.671C4.631,14.688,4.622,14.403,4.622,12 s0.009-2.688,0.052-3.637c0.04-0.877,0.187-1.354,0.31-1.671c0.163-0.42,0.358-0.72,0.673-1.035 c0.315-0.315,0.615-0.51,1.035-0.673c0.317-0.123,0.794-0.27,1.671-0.31C9.312,4.631,9.597,4.622,12,4.622 M12,3 C9.556,3,9.249,3.01,8.289,3.054C7.331,3.098,6.677,3.25,6.105,3.472C5.513,3.702,5.011,4.01,4.511,4.511 c-0.5,0.5-0.808,1.002-1.038,1.594C3.25,6.677,3.098,7.331,3.054,8.289C3.01,9.249,3,9.556,3,12c0,2.444,0.01,2.751,0.054,3.711 c0.044,0.958,0.196,1.612,0.418,2.185c0.23,0.592,0.538,1.094,1.038,1.594c0.5,0.5,1.002,0.808,1.594,1.038 c0.572,0.222,1.227,0.375,2.185,0.418C9.249,20.99,9.556,21,12,21s2.751-0.01,3.711-0.054c0.958-0.044,1.612-0.196,2.185-0.418 c0.592-0.23,1.094-0.538,1.594-1.038c0.5-0.5,0.808-1.002,1.038-1.594c0.222-0.572,0.375-1.227,0.418-2.185 C20.99,14.751,21,14.444,21,12s-0.01-2.751-0.054-3.711c-0.044-0.958-0.196-1.612-0.418-2.185c-0.23-0.592-0.538-1.094-1.038-1.594 c-0.5-0.5-1.002-0.808-1.594-1.038c-0.572-0.222-1.227-0.375-2.185-0.418C14.751,3.01,14.444,3,12,3L12,3z M12,7.378 c-2.552,0-4.622,2.069-4.622,4.622S9.448,16.622,12,16.622s4.622-2.069,4.622-4.622S14.552,7.378,12,7.378z M12,15 c-1.657,0-3-1.343-3-3s1.343-3,3-3s3,1.343,3,3S13.657,15,12,15z M16.804,6.116c-0.596,0-1.08,0.484-1.08,1.08 s0.484,1.08,1.08,1.08c0.596,0,1.08-0.484,1.08-1.08S17.401,6.116,16.804,6.116z\"><\/path><\/svg><span class=\"wp-block-social-link-label screen-reader-text\">Instagram<\/span><\/a><\/li>\n\n<li style=\"color:#4a5759;background-color:#fbf7f7;\" class=\"wp-social-link wp-social-link-facebook  wp-block-social-link\"><a href=\"https:\/\/www.facebook.com\/LateinformationFrankfurt\" class=\"wp-block-social-link-anchor\"><svg width=\"24\" height=\"24\" viewBox=\"0 0 24 24\" version=\"1.1\" xmlns=\"http:\/\/www.w3.org\/2000\/svg\" aria-hidden=\"true\" focusable=\"false\"><path d=\"M12 2C6.5 2 2 6.5 2 12c0 5 3.7 9.1 8.4 9.9v-7H7.9V12h2.5V9.8c0-2.5 1.5-3.9 3.8-3.9 1.1 0 2.2.2 2.2.2v2.5h-1.3c-1.2 0-1.6.8-1.6 1.6V12h2.8l-.4 2.9h-2.3v7C18.3 21.1 22 17 22 12c0-5.5-4.5-10-10-10z\"><\/path><\/svg><span class=\"wp-block-social-link-label screen-reader-text\">Facebook<\/span><\/a><\/li>\n\n<li style=\"color:#4a5759;background-color:#fbf7f7;\" class=\"wp-social-link wp-social-link-tiktok  wp-block-social-link\"><a href=\"https:\/\/www.tiktok.com\/@lateinformation_ffm?_t=8lDbflWqkHB&#038;_r=1\" class=\"wp-block-social-link-anchor\"><svg width=\"24\" height=\"24\" viewBox=\"0 0 32 32\" version=\"1.1\" xmlns=\"http:\/\/www.w3.org\/2000\/svg\" aria-hidden=\"true\" focusable=\"false\"><path d=\"M16.708 0.027c1.745-0.027 3.48-0.011 5.213-0.027 0.105 2.041 0.839 4.12 2.333 5.563 1.491 1.479 3.6 2.156 5.652 2.385v5.369c-1.923-0.063-3.855-0.463-5.6-1.291-0.76-0.344-1.468-0.787-2.161-1.24-0.009 3.896 0.016 7.787-0.025 11.667-0.104 1.864-0.719 3.719-1.803 5.255-1.744 2.557-4.771 4.224-7.88 4.276-1.907 0.109-3.812-0.411-5.437-1.369-2.693-1.588-4.588-4.495-4.864-7.615-0.032-0.667-0.043-1.333-0.016-1.984 0.24-2.537 1.495-4.964 3.443-6.615 2.208-1.923 5.301-2.839 8.197-2.297 0.027 1.975-0.052 3.948-0.052 5.923-1.323-0.428-2.869-0.308-4.025 0.495-0.844 0.547-1.485 1.385-1.819 2.333-0.276 0.676-0.197 1.427-0.181 2.145 0.317 2.188 2.421 4.027 4.667 3.828 1.489-0.016 2.916-0.88 3.692-2.145 0.251-0.443 0.532-0.896 0.547-1.417 0.131-2.385 0.079-4.76 0.095-7.145 0.011-5.375-0.016-10.735 0.025-16.093z\" \/><\/svg><span class=\"wp-block-social-link-label screen-reader-text\">TikTok<\/span><\/a><\/li><\/ul>\n<\/div>\n<\/div>\n<\/div><\/div>\n\n\n\n<p><\/p>\n\n\n\n<div class=\"wp-block-buttons is-layout-flex wp-block-buttons-is-layout-flex\"><\/div>\n","protected":false},"excerpt":{"rendered":"<p>Probetraining Lateinformation Frankfurt ab dem 27.04.2025 Herzlich Willkommen bei unserer Lateinformation in Frankfurt Wir sind stets auf der Suche nach neuen, ambitionierten T\u00e4nzerinnen und T\u00e4nzern, die unsere Teams verst\u00e4rken und unterst\u00fctzen wollen. Mit unseren formationserfahrenen Trainern lernst Du die Grundlagen der Lateint\u00e4nze und kannst an Deiner Technik arbeiten.Komm gerne zu einem unserer Schnuppertrainings vorbei und&#8230;<\/p>\n","protected":false},"author":3,"featured_media":0,"parent":0,"menu_order":0,"comment_status":"closed","ping_status":"closed","template":"","meta":{"_kad_post_transparent":"","_kad_post_title":"","_kad_post_layout":"","_kad_post_sidebar_id":"","_kad_post_content_style":"","_kad_post_vertical_padding":"","_kad_post_feature":"","_kad_post_feature_position":"","_kad_post_header":false,"_kad_post_footer":false,"footnotes":""},"class_list":["post-27","page","type-page","status-publish","hentry"],"jetpack_sharing_enabled":true,"_links":{"self":[{"href":"https:\/\/formation.schwarz-silber.de\/index.php?rest_route=\/wp\/v2\/pages\/27","targetHints":{"allow":["GET"]}}],"collection":[{"href":"https:\/\/formation.schwarz-silber.de\/index.php?rest_route=\/wp\/v2\/pages"}],"about":[{"href":"https:\/\/formation.schwarz-silber.de\/index.php?rest_route=\/wp\/v2\/types\/page"}],"author":[{"embeddable":true,"href":"https:\/\/formation.schwarz-silber.de\/index.php?rest_route=\/wp\/v2\/users\/3"}],"replies":[{"embeddable":true,"href":"https:\/\/formation.schwarz-silber.de\/index.php?rest_route=%2Fwp%2Fv2%2Fcomments&post=27"}],"version-history":[{"count":27,"href":"https:\/\/formation.schwarz-silber.de\/index.php?rest_route=\/wp\/v2\/pages\/27\/revisions"}],"predecessor-version":[{"id":302,"href":"https:\/\/formation.schwarz-silber.de\/index.php?rest_route=\/wp\/v2\/pages\/27\/revisions\/302"}],"wp:attachment":[{"href":"https:\/\/formation.schwarz-silber.de\/index.php?rest_route=%2Fwp%2Fv2%2Fmedia&parent=27"}],"curies":[{"name":"wp","href":"https:\/\/api.w.org\/{rel}","templated":true}]}}